{"id":16,"date":"2012-12-04T22:12:50","date_gmt":"2012-12-04T21:12:50","guid":{"rendered":"http:\/\/www.lluisfongrau.com\/?page_id=16"},"modified":"2022-09-26T14:40:13","modified_gmt":"2022-09-26T13:40:13","slug":"fg-il%c2%b7lustrador","status":"publish","type":"page","link":"https:\/\/www.lluisfongrau.com\/?page_id=16","title":{"rendered":"FONGRAU > Il\u00b7lustracions"},"content":{"rendered":"<div class=\"one_half\"><\/p>\n<p><strong>Nil el cocodril<\/strong><\/p>\n<p>Nil \u00e9s un cocodril solitari. La seva afici\u00f3 de menjar-se tot all\u00f2 que es mou al seu voltant, fa que no tingui gaires amics. La cosa es complica quan al Nil li comencen a fer mal les dents. Els dies i les nits es fan molt llargs quan sent dolor i est\u00e0 completament sol. Per\u00f2 aviat el Nil tornar\u00e0 a somriure, perqu\u00e8 alg\u00fa que no imagina l\u2019ajudar\u00e0. Aix\u00f2 s\u00ed, haur\u00e0 d\u2019entendre que hi ha coses en aquest m\u00f3n que no s\u00f3n comestibles, si vol conservar les dents molts i molts anys!<\/p>\n<p><a href=\"http:\/\/arolaeditors.com\/index.asp?sc=ficha&amp;isbn=978-84-15248-83-5\" target=\"_blank\">Enlla\u00e7 a Nil el cocodril\u00a0&#8211; Arola Editors<\/a><\/p>\n<p>&nbsp;<\/p>\n<p>&nbsp;<\/p>\n<p><a href=\"http:\/\/www.lluisfongrau.com\/wp-content\/uploads\/NIL.jpg\"><img decoding=\"async\" loading=\"lazy\" class=\"alignleft size-thumbnail wp-image-274 colorbox-16\" title=\"NIL\" src=\"http:\/\/www.lluisfongrau.com\/wp-content\/uploads\/NIL-150x150.jpg\" alt=\"\" width=\"150\" height=\"150\" srcset=\"https:\/\/www.lluisfongrau.com\/wp-content\/uploads\/NIL-150x150.jpg 150w, https:\/\/www.lluisfongrau.com\/wp-content\/uploads\/NIL-50x50.jpg 50w, https:\/\/www.lluisfongrau.com\/wp-content\/uploads\/NIL-125x125.jpg 125w, https:\/\/www.lluisfongrau.com\/wp-content\/uploads\/NIL-56x56.jpg 56w, https:\/\/www.lluisfongrau.com\/wp-content\/uploads\/NIL-250x250.jpg 250w, https:\/\/www.lluisfongrau.com\/wp-content\/uploads\/NIL-40x40.jpg 40w, https:\/\/www.lluisfongrau.com\/wp-content\/uploads\/NIL.jpg 900w\" sizes=\"(max-width: 150px) 100vw, 150px\" \/><\/a><\/p>\n<p>&nbsp;<\/p>\n<p>&nbsp;<\/p>\n<p>&nbsp;<\/p>\n<p>&nbsp;<\/p>\n<p>&nbsp;<\/p>\n<p><\/div>\n<div class=\"one_half column-last\"><\/p>\n<p><strong>La tiona<\/strong><\/p>\n<p>La Tiona explica la hist\u00f2ria d\u2019una branca que vol passar els Nadals a les cases dels nens i les nenes. Per\u00f2 es troba que les noies no poden fer de Ti\u00f3. Desobeint les ordres de la Vella Soca, la Tiona emprendr\u00e0 igualment el gran viatge acompanyada sempre d\u2019un petit personatge. Pel cam\u00ed es trobar\u00e0 amb una ovella trapella que s\u2019ha escapat del pessebre i amb un \u00e0ngel que la busca. Ser\u00e0 l\u2019\u00e0ngel qui obrir\u00e0 les portes al somni de la Tiona. Per\u00f2 la casa on va a parar no \u00e9s el lloc feli\u00e7 que ella pensava. Els pares de la Mar i la C\u00e8lia estan a punt de separar-se. Gr\u00e0cies a la pres\u00e8ncia de la Tiona, tot far\u00e0 un gir inesperat.<br \/>\nUn conte diferent on es plantegen temes com la igualtat de g\u00e8nere, la import\u00e0ncia de la fam\u00edlia i el plaer de la bona comunicaci\u00f3. Tamb\u00e9 es pot reflexionar sobre el consumisme i el valor de les petites coses.<\/p>\n<p><a title=\"Enlla\u00e7 a La Tiona - Arola Editors\" href=\"http:\/\/arolaeditors.com\/index.asp?sc=ficha&amp;isbn=978-84-94063-78-7\" target=\"_blank\">Enlla\u00e7 a La Tiona &#8211; Arola Editors<\/a><\/p>\n<p><a href=\"http:\/\/www.lluisfongrau.com\/wp-content\/uploads\/TIONA.jpg\"><img decoding=\"async\" loading=\"lazy\" class=\"alignleft size-thumbnail wp-image-286 colorbox-16\" title=\"TIONA\" src=\"http:\/\/www.lluisfongrau.com\/wp-content\/uploads\/TIONA-150x150.jpg\" alt=\"\" width=\"150\" height=\"150\" srcset=\"https:\/\/www.lluisfongrau.com\/wp-content\/uploads\/TIONA-150x150.jpg 150w, https:\/\/www.lluisfongrau.com\/wp-content\/uploads\/TIONA-50x50.jpg 50w, https:\/\/www.lluisfongrau.com\/wp-content\/uploads\/TIONA-125x125.jpg 125w, https:\/\/www.lluisfongrau.com\/wp-content\/uploads\/TIONA-56x56.jpg 56w, https:\/\/www.lluisfongrau.com\/wp-content\/uploads\/TIONA-250x250.jpg 250w, https:\/\/www.lluisfongrau.com\/wp-content\/uploads\/TIONA-40x40.jpg 40w, https:\/\/www.lluisfongrau.com\/wp-content\/uploads\/TIONA.jpg 900w\" sizes=\"(max-width: 150px) 100vw, 150px\" \/><\/a><\/p>\n<p>&nbsp;<\/p>\n<p>&nbsp;<\/p>\n<p>&nbsp;<\/p>\n<p>&nbsp;<\/p>\n<p><\/div><div class=\"clear\"><\/div>\n<div class=\"one_half column-last\"><\/div><div class=\"clear\"><\/div>\n<p><strong>Camins soterrats d&#8217;aigua. Les mines d&#8217;aigua al terme de Mont-roig.<\/strong><\/p>\n<p>Col.laboraci\u00f3 amb les il.lustracions de l&#8217;interior d&#8217;aquest llibre del Grup de Recerca del Centre d&#8217;Estudis Mont-rogencs, que &#8220;pret\u00e9n apropar-nos al treball de camp i de recerca documental que el CEM ha fet de les trenta-sis mines d&#8217;aigua identificades dins del terme de Mont-roig del Camp&#8221;.<\/p>\n<p>Les il.lustracions interiors s\u00f3n: l&#8217;esquema longitudinal d&#8217;una mina d&#8217;aigua, eines dels minadors (pics, aixada, malls, xapo, gaveta i\u00a0llum de carbur), vareta i p\u00e8ndol de saur\u00ed, sistema per tapar un pou i pou un cop tapat amb la garlanda i lloses.<\/p>\n<p><a href=\"http:\/\/www.lluisfongrau.com\/wp-content\/uploads\/TAPA-POU.jpg\"><img decoding=\"async\" loading=\"lazy\" class=\"alignnone wp-image-1364 colorbox-16\" src=\"http:\/\/www.lluisfongrau.com\/wp-content\/uploads\/TAPA-POU.jpg\" alt=\"TAPA POU\" width=\"384\" height=\"210\" srcset=\"https:\/\/www.lluisfongrau.com\/wp-content\/uploads\/TAPA-POU.jpg 640w, https:\/\/www.lluisfongrau.com\/wp-content\/uploads\/TAPA-POU-125x68.jpg 125w\" sizes=\"(max-width: 384px) 100vw, 384px\" \/><\/a> <a href=\"http:\/\/www.lluisfongrau.com\/wp-content\/uploads\/MALL.jpg\"><img decoding=\"async\" loading=\"lazy\" class=\"alignnone wp-image-1361 colorbox-16\" src=\"http:\/\/www.lluisfongrau.com\/wp-content\/uploads\/MALL.jpg\" alt=\"MALL\" width=\"384\" height=\"210\" srcset=\"https:\/\/www.lluisfongrau.com\/wp-content\/uploads\/MALL.jpg 640w, https:\/\/www.lluisfongrau.com\/wp-content\/uploads\/MALL-125x68.jpg 125w\" sizes=\"(max-width: 384px) 100vw, 384px\" \/><\/a> <a href=\"http:\/\/www.lluisfongrau.com\/wp-content\/uploads\/DETALL-XAPO.jpg\"><img decoding=\"async\" loading=\"lazy\" class=\"alignnone wp-image-1359 colorbox-16\" src=\"http:\/\/www.lluisfongrau.com\/wp-content\/uploads\/DETALL-XAPO.jpg\" alt=\"DETALL XAPO\" width=\"384\" height=\"210\" srcset=\"https:\/\/www.lluisfongrau.com\/wp-content\/uploads\/DETALL-XAPO.jpg 640w, https:\/\/www.lluisfongrau.com\/wp-content\/uploads\/DETALL-XAPO-125x68.jpg 125w\" sizes=\"(max-width: 384px) 100vw, 384px\" \/><\/a><\/p>\n<p><a title=\"Camins soterrats d'aigua - Onada Edicions\" href=\"http:\/\/www.onadaedicions.com\/biblioteca-mont-rogenca\/camins-soterrats-d-aigua\" target=\"_blank\">Enlla\u00e7 a Camins soterrats d&#8217;aigua &#8211;\u00a0Onada Edicions<\/a><\/p>\n<p><strong>Auca hist\u00f2rica de Mont-roig del Camp, <\/strong>realitzada pel Centre d\u2019Estudis Mont-rogencs.<\/p>\n<p>Els 49 dibuixos que formen l\u2019auca han estat realitzats amb aquarel\u00b7la i tinta i la seva mida original \u00e9s 18x18cm.<\/p>\n<p style=\"text-align: center;\"><a href=\"http:\/\/www.lluisfongrau.com\/wp-content\/uploads\/auca01.jpg\"><img decoding=\"async\" loading=\"lazy\" class=\" wp-image-1624 aligncenter colorbox-16\" src=\"http:\/\/www.lluisfongrau.com\/wp-content\/uploads\/auca01.jpg\" alt=\"auca01\" width=\"496\" height=\"702\" srcset=\"https:\/\/www.lluisfongrau.com\/wp-content\/uploads\/auca01.jpg 452w, https:\/\/www.lluisfongrau.com\/wp-content\/uploads\/auca01-125x176.jpg 125w\" sizes=\"(max-width: 496px) 100vw, 496px\" \/><\/a><\/p>\n<p style=\"text-align: left;\"><strong>Pinzellades de la hist\u00f2ria de Mont-roig,<\/strong>\u00a0l&#8217;any 2017 el Centre d&#8217;Estudis Mont-rogencs, edita un nou llibre amb les il\u00b7lustracions de l&#8217;auca i 13 de noves, m\u00e9s dues aquarel\u00b7les.<b>\u00a0<\/b>En el llibre trobem les il\u00b7lustracions en tamany real, a companyades del seu vers i una explicaci\u00f3 detallada del moment hist\u00f2ric, acompanyada de resenyes sobre la documentaci\u00f3.<\/p>\n<p style=\"text-align: left;\">\u00a0<a href=\"http:\/\/www.lluisfongrau.com\/wp-content\/uploads\/20190610_104058.jpg\"><img decoding=\"async\" loading=\"lazy\" class=\"size-full wp-image-3166 aligncenter colorbox-16\" src=\"http:\/\/www.lluisfongrau.com\/wp-content\/uploads\/20190610_104058.jpg\" alt=\"20190610_104058\" width=\"283\" height=\"283\" srcset=\"https:\/\/www.lluisfongrau.com\/wp-content\/uploads\/20190610_104058.jpg 283w, https:\/\/www.lluisfongrau.com\/wp-content\/uploads\/20190610_104058-150x150.jpg 150w, https:\/\/www.lluisfongrau.com\/wp-content\/uploads\/20190610_104058-50x50.jpg 50w, https:\/\/www.lluisfongrau.com\/wp-content\/uploads\/20190610_104058-125x125.jpg 125w, https:\/\/www.lluisfongrau.com\/wp-content\/uploads\/20190610_104058-56x56.jpg 56w, https:\/\/www.lluisfongrau.com\/wp-content\/uploads\/20190610_104058-250x250.jpg 250w, https:\/\/www.lluisfongrau.com\/wp-content\/uploads\/20190610_104058-40x40.jpg 40w\" sizes=\"(max-width: 283px) 100vw, 283px\" \/><\/a><\/p>\n<p style=\"text-align: left;\"><strong>Llegendes de Mont-roig del Camp. El nostre patrimoni oral (I).\u00a0<\/strong>Edici\u00f3 de l&#8217;any 2018 a c\u00e0rrec del Centre d&#8217;Estudis Mont-rogencs, en el qual es recullen les llegendes orals. Un total se 10\u00a0llegendes acompanyades de les respectives il\u00b7lustracions.<\/p>\n<p style=\"text-align: left;\"><a href=\"http:\/\/www.lluisfongrau.com\/wp-content\/uploads\/20190610_104723.jpg\"><img decoding=\"async\" loading=\"lazy\" class=\"size-full wp-image-3167 aligncenter colorbox-16\" src=\"http:\/\/www.lluisfongrau.com\/wp-content\/uploads\/20190610_104723.jpg\" alt=\"20190610_104723\" width=\"283\" height=\"283\" srcset=\"https:\/\/www.lluisfongrau.com\/wp-content\/uploads\/20190610_104723.jpg 283w, https:\/\/www.lluisfongrau.com\/wp-content\/uploads\/20190610_104723-150x150.jpg 150w, https:\/\/www.lluisfongrau.com\/wp-content\/uploads\/20190610_104723-50x50.jpg 50w, https:\/\/www.lluisfongrau.com\/wp-content\/uploads\/20190610_104723-125x125.jpg 125w, https:\/\/www.lluisfongrau.com\/wp-content\/uploads\/20190610_104723-56x56.jpg 56w, https:\/\/www.lluisfongrau.com\/wp-content\/uploads\/20190610_104723-250x250.jpg 250w, https:\/\/www.lluisfongrau.com\/wp-content\/uploads\/20190610_104723-40x40.jpg 40w\" sizes=\"(max-width: 283px) 100vw, 283px\" \/><\/a><\/p>\n<p style=\"text-align: left;\">\n<p style=\"text-align: left;\">\n<p style=\"text-align: left;\"><strong>Hist\u00f2ries, rondalles i llegendes de Mont-roig del Camp. El nostre patrimoni oral (II).\u00a0<\/strong>Edici\u00f3 de l&#8217;any 2019 a c\u00e0rrec del Centre d&#8217;Estudis Mont-rogencs.<\/p>\n<p style=\"text-align: left;\"><a href=\"http:\/\/www.lluisfongrau.com\/wp-content\/uploads\/histories-rondalles.jpg\"><img decoding=\"async\" loading=\"lazy\" class=\"wp-image-3243 aligncenter colorbox-16\" src=\"http:\/\/www.lluisfongrau.com\/wp-content\/uploads\/histories-rondalles.jpg\" alt=\"histories rondalles\" width=\"284\" height=\"279\" srcset=\"https:\/\/www.lluisfongrau.com\/wp-content\/uploads\/histories-rondalles.jpg 450w, https:\/\/www.lluisfongrau.com\/wp-content\/uploads\/histories-rondalles-50x50.jpg 50w, https:\/\/www.lluisfongrau.com\/wp-content\/uploads\/histories-rondalles-125x123.jpg 125w, https:\/\/www.lluisfongrau.com\/wp-content\/uploads\/histories-rondalles-56x56.jpg 56w, https:\/\/www.lluisfongrau.com\/wp-content\/uploads\/histories-rondalles-40x40.jpg 40w\" sizes=\"(max-width: 284px) 100vw, 284px\" \/><\/a><\/p>\n<h3 class=\"blogtitle\"><\/h3>\n<div class=\"featuredimage\">Il\u00b7lustracions del llibre <strong>Arrels: Pinzellades d&#8217;un fill de l&#8217;Hospitalet \u2013 Antonio Vidal Marqu\u00e9s<\/strong>, escrit per Teresa Vidal Burata i publicat pel Centre d\u2019Estudis de l\u2019Hospitalet de l\u2019Infant.<\/div>\n<div class=\"featuredimage\" style=\"text-align: center;\"><\/div>\n<div class=\"featuredimage\"><a href=\"http:\/\/www.lluisfongrau.com\/wp-content\/uploads\/Arrels.jpg\"><img decoding=\"async\" loading=\"lazy\" class=\"wp-image-3256 aligncenter colorbox-16\" src=\"http:\/\/www.lluisfongrau.com\/wp-content\/uploads\/Arrels.jpg\" alt=\"Arrels\" width=\"259\" height=\"324\" srcset=\"https:\/\/www.lluisfongrau.com\/wp-content\/uploads\/Arrels.jpg 1080w, https:\/\/www.lluisfongrau.com\/wp-content\/uploads\/Arrels-768x960.jpg 768w, https:\/\/www.lluisfongrau.com\/wp-content\/uploads\/Arrels-960x1200.jpg 960w, https:\/\/www.lluisfongrau.com\/wp-content\/uploads\/Arrels-125x156.jpg 125w\" sizes=\"(max-width: 259px) 100vw, 259px\" \/><\/a><\/div>\n<div class=\"featuredimage\"><\/div>\n<div class=\"featuredimage\">Il\u00b7lustracions de l&#8217;<strong>Auca de Santa Marina de Pratdip<\/strong>, realitzada l&#8217;any 2022<\/div>\n<div class=\"featuredimage\" style=\"text-align: center;\"><a href=\"http:\/\/www.lluisfongrau.com\/wp-content\/uploads\/auca-santa-marina.jpg\"><img decoding=\"async\" loading=\"lazy\" class=\"alignnone  wp-image-3253 colorbox-16\" src=\"http:\/\/www.lluisfongrau.com\/wp-content\/uploads\/auca-santa-marina.jpg\" alt=\"auca santa marina\" width=\"529\" height=\"752\" srcset=\"https:\/\/www.lluisfongrau.com\/wp-content\/uploads\/auca-santa-marina.jpg 321w, https:\/\/www.lluisfongrau.com\/wp-content\/uploads\/auca-santa-marina-125x178.jpg 125w\" sizes=\"(max-width: 529px) 100vw, 529px\" \/><\/a><\/div>\n","protected":false},"excerpt":{"rendered":"<p>Camins soterrats d&#8217;aigua. Les mines d&#8217;aigua al terme de Mont-roig. Col.laboraci\u00f3 amb les il.lustracions de [&hellip;]<\/p>\n","protected":false},"author":1,"featured_media":0,"parent":73,"menu_order":0,"comment_status":"closed","ping_status":"closed","template":"template-full.php","meta":[],"_links":{"self":[{"href":"https:\/\/www.lluisfongrau.com\/index.php?rest_route=\/wp\/v2\/pages\/16"}],"collection":[{"href":"https:\/\/www.lluisfongrau.com\/index.php?rest_route=\/wp\/v2\/pages"}],"about":[{"href":"https:\/\/www.lluisfongrau.com\/index.php?rest_route=\/wp\/v2\/types\/page"}],"author":[{"embeddable":true,"href":"https:\/\/www.lluisfongrau.com\/index.php?rest_route=\/wp\/v2\/users\/1"}],"replies":[{"embeddable":true,"href":"https:\/\/www.lluisfongrau.com\/index.php?rest_route=%2Fwp%2Fv2%2Fcomments&post=16"}],"version-history":[{"count":20,"href":"https:\/\/www.lluisfongrau.com\/index.php?rest_route=\/wp\/v2\/pages\/16\/revisions"}],"predecessor-version":[{"id":328,"href":"https:\/\/www.lluisfongrau.com\/index.php?rest_route=\/wp\/v2\/pages\/16\/revisions\/328"}],"up":[{"embeddable":true,"href":"https:\/\/www.lluisfongrau.com\/index.php?rest_route=\/wp\/v2\/pages\/73"}],"wp:attachment":[{"href":"https:\/\/www.lluisfongrau.com\/index.php?rest_route=%2Fwp%2Fv2%2Fmedia&parent=16"}],"curies":[{"name":"wp","href":"https:\/\/api.w.org\/{rel}","templated":true}]}}