{"id":26,"date":"2012-12-04T22:14:52","date_gmt":"2012-12-04T21:14:52","guid":{"rendered":"http:\/\/www.lluisfongrau.com\/?page_id=26"},"modified":"2013-02-05T10:24:53","modified_gmt":"2013-02-05T09:24:53","slug":"fm-curriculum","status":"publish","type":"page","link":"https:\/\/www.lluisfongrau.com\/?page_id=26","title":{"rendered":"FONMUNT\u00c9 > Sobre l&#8217;artista"},"content":{"rendered":"<p><strong><div class=\"two_third\"><\/strong><\/p>\n<p><strong>LLU\u00cdS FONT MUNT\u00c9, L\u2019AQUAREL.LA ORIGINAL I ORIGIN\u00c0RIA<\/strong><\/p>\n<p>Conec la pintura de Llu\u00eds Font Munt\u00e9 des del 1986, aproximadament, a ell el vaig con\u00e8ixer uns mesos abans, ens va presentar el seu amic i tamb\u00e9 pintor, Joan Juncosa Rosell\u00f3. En una primera impressi\u00f3, el Llu\u00eds em va semblar una persona discreta, callada, molt allunyada del que s\u00f3n els estereotips del m\u00f3n de l\u2019art, val a dir que a partir d\u2019aquella primera exposici\u00f3, vam comen\u00e7ar a tenir una relaci\u00f3 amical que s\u2019incrementar\u00e0 quan vaig anar a viure al seu poble, Mont-roig del Camp.<\/p>\n<p>El Llu\u00eds Font Munt\u00e9 t\u00e9 una forta component gen\u00e8tica a la seva pintura. No en va, el seu pare fou Llu\u00eds Font Portal reconegut aquarel\u00b7lista desaparegut molt jove i en plenitud pict\u00f2rica. Aix\u00f2 ha marcat i esperonat, d\u2019alguna manera, la seva vida i la seva obra, per\u00f2 a m\u00e9s, Llu\u00eds Font Munt\u00e9 va n\u00e0ixer en un lloc singular, Mont-roig del Camp, i aix\u00f2 tamb\u00e9 ha marcat, i no poc, la seva vida i obra.<\/p>\n<p>Sabem que existeixen llocs que, independentment dels seus propis atributs naturals, s\u00f3n contenidors de s\u00edmbols espirituals, moltes vegades m\u00e9s importants i poderosos que el propi entorn f\u00edsic. \u00c9s per aix\u00f2 que l\u2019artista se sent atret de forma excloent, per determinat entorn o paisatge, per aquest territori, pels seus propis or\u00edgens, pels arcans, plens de signes i s\u00edmbols de l\u2019artista. Per aix\u00f2, si fem cas de les capacitats de la taumat\u00fargia, dir\u00edem que l\u2019artista es troba, al llarg de la seva vida, en un lloc on\u00a0 els mit\u00f2legs i els antrop\u00f2legs, dirien que la for\u00e7a c\u00f2smica es concentra de manera especialment energ\u00e8tica, \u00e9s aleshores quan es produeix el fenomen anomenat \u201c<em>hierofanies<\/em>\u201d, que \u00e9s quan el sagrat es fa present, es manifesta en un arbre, en una pedra o en un indret.<\/p>\n<p>S\u00f3n molts els artistes que tenen un lloc determinat on el seu proc\u00e9s de creaci\u00f3 es fa m\u00e9s intens, \u00e9s el que vindria condicionat per all\u00f2 que anomenem GENIUS LOCI (el geni del lloc), molts artistes al llarg dels segles han tingut el seu lloc amb geni, Paul C\u00e9zzane a la muntanya de Santa Vict\u00f2ria a l\u2019Aix-en-Provence, Van Gog a Arles, Picasso a Horta de Sant Joan, Sorolla a J\u00e1vea, Mir\u00f3 a Mont-roig i com no, Llu\u00eds Font Munt\u00e9 tamb\u00e9 a Mont-roig.<\/p>\n<p>Val a dir que Mont-roig sempre \u00e9s a la seva obra, a la seva pintura \u00e9s com un element viu, un detall, un arbre, els colors; la seva obra \u00e9s un compendi del seu entorn, Mont-roig, coneixent la pintura de Llu\u00eds Font Munt\u00e9, coneixerem Mont-roig i el seu entorn, gr\u00e0cies a la seva mem\u00f2ria, que coneix i reconeix aquests paisatges que t\u00e9 prou recorreguts. Tanmateix la seva pintura ens deixa veure els espais, en els paisatges, oberts, somniadors, de vegades una mica romancers, per\u00f2 sempre ens crearan aquella atmosfera que ens d\u00f3na la visi\u00f3 surrealista que sentim quan bufa el Mestral, que sempre ens pertorbar\u00e0 i ens produir\u00e0 metamorfosis\u00a0 quim\u00e8riques. \u00c9s aqu\u00ed on l\u2019artista tracta de descobrir o, millor, redescobrir la m\u00e0gia dels llums que acaronen l\u2019herba submergida en l\u2019aire ombr\u00edvol de la tarda, immenses taques de color en l\u2019horitz\u00f3 del cel, que conjuminar\u00e0 amb la saviesa que li d\u00f3na l\u2019ofici, verds intensos, grisos, tocs de groc, vermells que ens fan recordar la caiguda del sol per la Mola a l\u2019estiu.<\/p>\n<p>Llu\u00eds Font Munt\u00e9 ens mostra sempre la seva obra amb una gran transpar\u00e8ncia, que ens portar\u00e0 des de l\u2019alegria a la melangia, al somni on\u00edric de la consci\u00e8ncia, sempre trobem en els seus quadres, on sigui que miren, una espurna de pau, un batec de temps que fuig, l\u2019escenografia d\u2019un jard\u00ed, per\u00f2 sempre amb ofici, amb treball acumulat, amb experi\u00e8ncia de vida, com una bafarada d\u2019aire fresc reconfortant.<\/p>\n<p>Deia Gabriel Celaya, que \u201cno podem ser originals si no som originaris\u201d, en el cas del Llu\u00eds Font Munt\u00e9, aix\u00f2 no pot ser m\u00e9s cert, el Llu\u00eds, la seva vida i la seva obra caminen junts sempre, no s\u00f3n possibles l\u2019un sense l\u2019altre, no en va ha nascut i treballat aixoplugat a l\u2019entorn del rocam roig de l\u2019ermita Roca, aquella roca foradada, roja, clivellada, batuda per l\u2019aigua de totes les pluges, font generadora d\u2019atractives vibracions, crom\u00e0tiques gammes de colors, aiguades vibr\u00e0tils, elegants po\u00e8tiques, que ens transporta per l\u2019on\u00edrica dels somnis harmoniosos.<\/p>\n<p>Llu\u00eds \u00c1lvarez Roman<\/p>\n<p>Desembre de 2012<\/p>\n<p><strong><\/div><\/strong><\/p>\n<div class=\"one_third column-last\"><\/p>\n<p><div id=\"attachment_923\" style=\"width: 160px\" class=\"wp-caption aligncenter\"><a href=\"http:\/\/www.lluisfongrau.com\/wp-content\/uploads\/foto-7-2.jpg\"><img aria-describedby=\"caption-attachment-923\" decoding=\"async\" loading=\"lazy\" class=\"size-thumbnail wp-image-923   colorbox-26\" alt=\"Els inicis\" src=\"http:\/\/www.lluisfongrau.com\/wp-content\/uploads\/foto-7-2-150x150.jpg\" width=\"150\" height=\"150\" srcset=\"https:\/\/www.lluisfongrau.com\/wp-content\/uploads\/foto-7-2-150x150.jpg 150w, https:\/\/www.lluisfongrau.com\/wp-content\/uploads\/foto-7-2-50x50.jpg 50w, https:\/\/www.lluisfongrau.com\/wp-content\/uploads\/foto-7-2-56x56.jpg 56w, https:\/\/www.lluisfongrau.com\/wp-content\/uploads\/foto-7-2-250x250.jpg 250w, https:\/\/www.lluisfongrau.com\/wp-content\/uploads\/foto-7-2-40x40.jpg 40w\" sizes=\"(max-width: 150px) 100vw, 150px\" \/><\/a><p id=\"caption-attachment-923\" class=\"wp-caption-text\">Els inicis<\/p><\/div><\/p>\n<p><b>\u00a0<\/b><\/p>\n<p><div id=\"attachment_925\" style=\"width: 160px\" class=\"wp-caption aligncenter\"><a href=\"http:\/\/www.lluisfongrau.com\/wp-content\/uploads\/IMG_7397-2.jpg\"><img aria-describedby=\"caption-attachment-925\" decoding=\"async\" loading=\"lazy\" class=\"size-thumbnail wp-image-925   colorbox-26\" alt=\"L'estudi\" src=\"http:\/\/www.lluisfongrau.com\/wp-content\/uploads\/IMG_7397-2-150x150.jpg\" width=\"150\" height=\"150\" srcset=\"https:\/\/www.lluisfongrau.com\/wp-content\/uploads\/IMG_7397-2-150x150.jpg 150w, https:\/\/www.lluisfongrau.com\/wp-content\/uploads\/IMG_7397-2-50x50.jpg 50w, https:\/\/www.lluisfongrau.com\/wp-content\/uploads\/IMG_7397-2-56x56.jpg 56w, https:\/\/www.lluisfongrau.com\/wp-content\/uploads\/IMG_7397-2-250x250.jpg 250w, https:\/\/www.lluisfongrau.com\/wp-content\/uploads\/IMG_7397-2-40x40.jpg 40w\" sizes=\"(max-width: 150px) 100vw, 150px\" \/><\/a><p id=\"caption-attachment-925\" class=\"wp-caption-text\">L&#8217;estudi<\/p><\/div><\/p>\n<p>&nbsp;<\/p>\n<p><div id=\"attachment_924\" style=\"width: 160px\" class=\"wp-caption aligncenter\"><a href=\"http:\/\/www.lluisfongrau.com\/wp-content\/uploads\/foto-biografia0002.jpg\"><img aria-describedby=\"caption-attachment-924\" decoding=\"async\" loading=\"lazy\" class=\"size-thumbnail wp-image-924   colorbox-26\" alt=\"Conversant amb Joan Mir\u00f3\" src=\"http:\/\/www.lluisfongrau.com\/wp-content\/uploads\/foto-biografia0002-150x150.jpg\" width=\"150\" height=\"150\" srcset=\"https:\/\/www.lluisfongrau.com\/wp-content\/uploads\/foto-biografia0002-150x150.jpg 150w, https:\/\/www.lluisfongrau.com\/wp-content\/uploads\/foto-biografia0002-50x50.jpg 50w, https:\/\/www.lluisfongrau.com\/wp-content\/uploads\/foto-biografia0002-56x56.jpg 56w, https:\/\/www.lluisfongrau.com\/wp-content\/uploads\/foto-biografia0002-250x250.jpg 250w, https:\/\/www.lluisfongrau.com\/wp-content\/uploads\/foto-biografia0002-40x40.jpg 40w\" sizes=\"(max-width: 150px) 100vw, 150px\" \/><\/a><p id=\"caption-attachment-924\" class=\"wp-caption-text\">Conversant amb Joan Mir\u00f3<\/p><\/div><\/p>\n<p>&nbsp;<\/p>\n<p><div id=\"attachment_922\" style=\"width: 160px\" class=\"wp-caption aligncenter\"><img aria-describedby=\"caption-attachment-922\" decoding=\"async\" loading=\"lazy\" class=\"size-thumbnail wp-image-922  colorbox-26\" alt=\"Pintant a l'ermita de la Roca\" src=\"http:\/\/www.lluisfongrau.com\/wp-content\/uploads\/escanear0001-150x150.jpg\" width=\"150\" height=\"150\" srcset=\"https:\/\/www.lluisfongrau.com\/wp-content\/uploads\/escanear0001-150x150.jpg 150w, https:\/\/www.lluisfongrau.com\/wp-content\/uploads\/escanear0001-50x50.jpg 50w, https:\/\/www.lluisfongrau.com\/wp-content\/uploads\/escanear0001-56x56.jpg 56w, https:\/\/www.lluisfongrau.com\/wp-content\/uploads\/escanear0001-250x250.jpg 250w, https:\/\/www.lluisfongrau.com\/wp-content\/uploads\/escanear0001-40x40.jpg 40w\" sizes=\"(max-width: 150px) 100vw, 150px\" \/><p id=\"caption-attachment-922\" class=\"wp-caption-text\">Pintant a l&#8217;ermita de la Roca<\/p><\/div><\/p>\n<p><strong>\u00a0<\/strong><\/p>\n<div>\n<p>&nbsp;<\/p>\n<p><\/div><div class=\"clear\"><\/div>\n<p>&nbsp;<\/p>\n<p>&nbsp;<\/p>\n<\/div>\n","protected":false},"excerpt":{"rendered":"<p>&nbsp; &nbsp;<\/p>\n","protected":false},"author":1,"featured_media":0,"parent":75,"menu_order":0,"comment_status":"closed","ping_status":"closed","template":"template-full.php","meta":[],"_links":{"self":[{"href":"https:\/\/www.lluisfongrau.com\/index.php?rest_route=\/wp\/v2\/pages\/26"}],"collection":[{"href":"https:\/\/www.lluisfongrau.com\/index.php?rest_route=\/wp\/v2\/pages"}],"about":[{"href":"https:\/\/www.lluisfongrau.com\/index.php?rest_route=\/wp\/v2\/types\/page"}],"author":[{"embeddable":true,"href":"https:\/\/www.lluisfongrau.com\/index.php?rest_route=\/wp\/v2\/users\/1"}],"replies":[{"embeddable":true,"href":"https:\/\/www.lluisfongrau.com\/index.php?rest_route=%2Fwp%2Fv2%2Fcomments&post=26"}],"version-history":[{"count":17,"href":"https:\/\/www.lluisfongrau.com\/index.php?rest_route=\/wp\/v2\/pages\/26\/revisions"}],"predecessor-version":[{"id":995,"href":"https:\/\/www.lluisfongrau.com\/index.php?rest_route=\/wp\/v2\/pages\/26\/revisions\/995"}],"up":[{"embeddable":true,"href":"https:\/\/www.lluisfongrau.com\/index.php?rest_route=\/wp\/v2\/pages\/75"}],"wp:attachment":[{"href":"https:\/\/www.lluisfongrau.com\/index.php?rest_route=%2Fwp%2Fv2%2Fmedia&parent=26"}],"curies":[{"name":"wp","href":"https:\/\/api.w.org\/{rel}","templated":true}]}}