{"id":34,"date":"2012-12-04T22:16:27","date_gmt":"2012-12-04T21:16:27","guid":{"rendered":"http:\/\/www.lluisfongrau.com\/?page_id=34"},"modified":"2013-02-05T10:24:53","modified_gmt":"2013-02-05T09:24:53","slug":"fp-biografia","status":"publish","type":"page","link":"https:\/\/www.lluisfongrau.com\/?page_id=34","title":{"rendered":"FONPORTAL > Biografia"},"content":{"rendered":"<dl class=\"wp-caption alignright\" style=\"width: 160px;\">\n<dt class=\"wp-caption-dt\"><a class=\"cboxElement\" href=\"http:\/\/www.lluisfongrau.com\/wp-content\/uploads\/Fotografia-de-Fonportal.jpg\"><img decoding=\"async\" loading=\"lazy\" class=\"size-thumbnail wp-image-139 colorbox-34\" style=\"opacity: 1;\" title=\"Fotografia de Fonportal\" alt=\"\" src=\"http:\/\/www.lluisfongrau.com\/wp-content\/uploads\/Fotografia-de-Fonportal-150x150.jpg\" width=\"150\" height=\"150\" srcset=\"https:\/\/www.lluisfongrau.com\/wp-content\/uploads\/Fotografia-de-Fonportal-150x150.jpg 150w, https:\/\/www.lluisfongrau.com\/wp-content\/uploads\/Fotografia-de-Fonportal-50x50.jpg 50w, https:\/\/www.lluisfongrau.com\/wp-content\/uploads\/Fotografia-de-Fonportal-125x125.jpg 125w, https:\/\/www.lluisfongrau.com\/wp-content\/uploads\/Fotografia-de-Fonportal-56x56.jpg 56w, https:\/\/www.lluisfongrau.com\/wp-content\/uploads\/Fotografia-de-Fonportal-250x250.jpg 250w, https:\/\/www.lluisfongrau.com\/wp-content\/uploads\/Fotografia-de-Fonportal-40x40.jpg 40w, https:\/\/www.lluisfongrau.com\/wp-content\/uploads\/Fotografia-de-Fonportal.jpg 700w\" sizes=\"(max-width: 150px) 100vw, 150px\" \/><\/a><\/dt>\n<dd class=\"wp-caption-dd\">Fotografia de Fonportal<\/dd>\n<dd class=\"wp-caption-dd\"><\/dd>\n<dt class=\"wp-caption-dt\"><a class=\"cboxElement\" href=\"http:\/\/www.lluisfongrau.com\/wp-content\/uploads\/Retrat-de-Fonportal-realitzat-per-Ceferino-Oliv\u00e9.jpg\"><img decoding=\"async\" loading=\"lazy\" class=\"size-thumbnail wp-image-137 colorbox-34\" style=\"opacity: 1;\" title=\"Retrat de Fonportal realitzat per Ceferino Oliv\u00e9\" alt=\"\" src=\"http:\/\/www.lluisfongrau.com\/wp-content\/uploads\/Retrat-de-Fonportal-realitzat-per-Ceferino-Oliv\u00e9-150x150.jpg\" width=\"150\" height=\"150\" srcset=\"https:\/\/www.lluisfongrau.com\/wp-content\/uploads\/Retrat-de-Fonportal-realitzat-per-Ceferino-Oliv\u00e9-150x150.jpg 150w, https:\/\/www.lluisfongrau.com\/wp-content\/uploads\/Retrat-de-Fonportal-realitzat-per-Ceferino-Oliv\u00e9-50x50.jpg 50w, https:\/\/www.lluisfongrau.com\/wp-content\/uploads\/Retrat-de-Fonportal-realitzat-per-Ceferino-Oliv\u00e9-56x56.jpg 56w, https:\/\/www.lluisfongrau.com\/wp-content\/uploads\/Retrat-de-Fonportal-realitzat-per-Ceferino-Oliv\u00e9-250x250.jpg 250w, https:\/\/www.lluisfongrau.com\/wp-content\/uploads\/Retrat-de-Fonportal-realitzat-per-Ceferino-Oliv\u00e9-40x40.jpg 40w\" sizes=\"(max-width: 150px) 100vw, 150px\" \/><\/a><\/dt>\n<dd class=\"wp-caption-dd\">Retrat de Fonportal realitzat per Ceferino Oliv\u00e9<\/dd>\n<dd class=\"wp-caption-dd\"><\/dd>\n<dt class=\"wp-caption-dt\"><a class=\"cboxElement\" href=\"http:\/\/www.lluisfongrau.com\/wp-content\/uploads\/Els-estris-de-treball-de-Fonportal.jpg\"><img decoding=\"async\" loading=\"lazy\" class=\"size-thumbnail wp-image-159 colorbox-34\" style=\"opacity: 1;\" title=\"Els estris de treball de Fonportal\" alt=\"\" src=\"http:\/\/www.lluisfongrau.com\/wp-content\/uploads\/Els-estris-de-treball-de-Fonportal-150x150.jpg\" width=\"150\" height=\"150\" srcset=\"https:\/\/www.lluisfongrau.com\/wp-content\/uploads\/Els-estris-de-treball-de-Fonportal-150x150.jpg 150w, https:\/\/www.lluisfongrau.com\/wp-content\/uploads\/Els-estris-de-treball-de-Fonportal-50x50.jpg 50w, https:\/\/www.lluisfongrau.com\/wp-content\/uploads\/Els-estris-de-treball-de-Fonportal-56x56.jpg 56w, https:\/\/www.lluisfongrau.com\/wp-content\/uploads\/Els-estris-de-treball-de-Fonportal-250x250.jpg 250w, https:\/\/www.lluisfongrau.com\/wp-content\/uploads\/Els-estris-de-treball-de-Fonportal-40x40.jpg 40w\" sizes=\"(max-width: 150px) 100vw, 150px\" \/><\/a><\/dt>\n<dd class=\"wp-caption-dd\">Els estris de treball de Fonportal<\/dd>\n<dd class=\"wp-caption-dd\"><\/dd>\n<dt class=\"wp-caption-dt\"><a class=\"cboxElement\" href=\"http:\/\/www.lluisfongrau.com\/wp-content\/uploads\/Detall-dexposici\u00f3-de-Fonportal.jpg\"><img decoding=\"async\" loading=\"lazy\" class=\"size-thumbnail wp-image-146 colorbox-34\" style=\"opacity: 1;\" title=\"Detall d'exposici\u00f3 de Fonportal\" alt=\"\" src=\"http:\/\/www.lluisfongrau.com\/wp-content\/uploads\/Detall-dexposici\u00f3-de-Fonportal-150x150.jpg\" width=\"150\" height=\"150\" srcset=\"https:\/\/www.lluisfongrau.com\/wp-content\/uploads\/Detall-dexposici\u00f3-de-Fonportal-150x150.jpg 150w, https:\/\/www.lluisfongrau.com\/wp-content\/uploads\/Detall-dexposici\u00f3-de-Fonportal-50x50.jpg 50w, https:\/\/www.lluisfongrau.com\/wp-content\/uploads\/Detall-dexposici\u00f3-de-Fonportal-56x56.jpg 56w, https:\/\/www.lluisfongrau.com\/wp-content\/uploads\/Detall-dexposici\u00f3-de-Fonportal-40x40.jpg 40w\" sizes=\"(max-width: 150px) 100vw, 150px\" \/><\/a><\/dt>\n<dd class=\"wp-caption-dd\">Detall d\u2019exposici\u00f3 de Fonportal<\/dd>\n<dd class=\"wp-caption-dd\"><\/dd>\n<\/dl>\n<dl class=\"wp-caption alignright\" style=\"width: 160px;\">\n<dt class=\"wp-caption-dt\"><a class=\"cboxElement\" href=\"http:\/\/www.lluisfongrau.com\/wp-content\/uploads\/Fonportal-pintant-al-peu-de-lermita-de-la-Roca.jpg\"><img decoding=\"async\" loading=\"lazy\" class=\"size-thumbnail wp-image-141 colorbox-34\" style=\"opacity: 1;\" title=\"Fonportal pintant al peu de l'ermita de la Roca\" alt=\"\" src=\"http:\/\/www.lluisfongrau.com\/wp-content\/uploads\/Fonportal-pintant-al-peu-de-lermita-de-la-Roca-150x150.jpg\" width=\"150\" height=\"150\" srcset=\"https:\/\/www.lluisfongrau.com\/wp-content\/uploads\/Fonportal-pintant-al-peu-de-lermita-de-la-Roca-150x150.jpg 150w, https:\/\/www.lluisfongrau.com\/wp-content\/uploads\/Fonportal-pintant-al-peu-de-lermita-de-la-Roca-50x50.jpg 50w, https:\/\/www.lluisfongrau.com\/wp-content\/uploads\/Fonportal-pintant-al-peu-de-lermita-de-la-Roca-56x56.jpg 56w, https:\/\/www.lluisfongrau.com\/wp-content\/uploads\/Fonportal-pintant-al-peu-de-lermita-de-la-Roca-250x250.jpg 250w, https:\/\/www.lluisfongrau.com\/wp-content\/uploads\/Fonportal-pintant-al-peu-de-lermita-de-la-Roca-40x40.jpg 40w\" sizes=\"(max-width: 150px) 100vw, 150px\" \/><\/a><\/dt>\n<dd class=\"wp-caption-dd\">Fonportal pintant al peu de l\u2019ermita de la Roca<\/dd>\n<dd class=\"wp-caption-dd\"><\/dd>\n<dt class=\"wp-caption-dt\"><a class=\"cboxElement\" href=\"http:\/\/www.lluisfongrau.com\/wp-content\/uploads\/Fonportal-i-Cefer\u00ed-Oliv\u00e9.jpg\"><img decoding=\"async\" loading=\"lazy\" class=\"size-thumbnail wp-image-147 colorbox-34\" style=\"opacity: 1;\" title=\"Fonportal i Cefer\u00ed Oliv\u00e9\" alt=\"\" src=\"http:\/\/www.lluisfongrau.com\/wp-content\/uploads\/Fonportal-i-Cefer\u00ed-Oliv\u00e9-150x150.jpg\" width=\"150\" height=\"150\" srcset=\"https:\/\/www.lluisfongrau.com\/wp-content\/uploads\/Fonportal-i-Cefer\u00ed-Oliv\u00e9-150x150.jpg 150w, https:\/\/www.lluisfongrau.com\/wp-content\/uploads\/Fonportal-i-Cefer\u00ed-Oliv\u00e9-50x50.jpg 50w, https:\/\/www.lluisfongrau.com\/wp-content\/uploads\/Fonportal-i-Cefer\u00ed-Oliv\u00e9-56x56.jpg 56w, https:\/\/www.lluisfongrau.com\/wp-content\/uploads\/Fonportal-i-Cefer\u00ed-Oliv\u00e9-250x250.jpg 250w, https:\/\/www.lluisfongrau.com\/wp-content\/uploads\/Fonportal-i-Cefer\u00ed-Oliv\u00e9-40x40.jpg 40w\" sizes=\"(max-width: 150px) 100vw, 150px\" \/><\/a><\/dt>\n<dd class=\"wp-caption-dd\">Fonportal i Cefer\u00ed Oliv\u00e9<\/dd>\n<dd class=\"wp-caption-dd\"><\/dd>\n<dt class=\"wp-caption-dt\"><a href=\"http:\/\/www.lluisfongrau.com\/wp-content\/uploads\/Postal-de-Jacint-Salvad\u00f3-enviada-al-seu-alumne-Fonportal-02.jpg\"><img decoding=\"async\" loading=\"lazy\" class=\"size-thumbnail wp-image-936  colorbox-34\" alt=\"Postal de Jacint Salvad\u00f3 enviada al seu alumne Fonportal\" src=\"http:\/\/www.lluisfongrau.com\/wp-content\/uploads\/Postal-de-Jacint-Salvad\u00f3-enviada-al-seu-alumne-Fonportal-02-150x150.jpg\" width=\"150\" height=\"150\" srcset=\"https:\/\/www.lluisfongrau.com\/wp-content\/uploads\/Postal-de-Jacint-Salvad\u00f3-enviada-al-seu-alumne-Fonportal-02-150x150.jpg 150w, https:\/\/www.lluisfongrau.com\/wp-content\/uploads\/Postal-de-Jacint-Salvad\u00f3-enviada-al-seu-alumne-Fonportal-02-50x50.jpg 50w, https:\/\/www.lluisfongrau.com\/wp-content\/uploads\/Postal-de-Jacint-Salvad\u00f3-enviada-al-seu-alumne-Fonportal-02-56x56.jpg 56w, https:\/\/www.lluisfongrau.com\/wp-content\/uploads\/Postal-de-Jacint-Salvad\u00f3-enviada-al-seu-alumne-Fonportal-02-250x250.jpg 250w, https:\/\/www.lluisfongrau.com\/wp-content\/uploads\/Postal-de-Jacint-Salvad\u00f3-enviada-al-seu-alumne-Fonportal-02-40x40.jpg 40w\" sizes=\"(max-width: 150px) 100vw, 150px\" \/><\/a><\/dt>\n<dd class=\"wp-caption-dd\">Postal de Jacint Salvad\u00f3 enviada al seu alumne Fonportal<\/dd>\n<dd class=\"wp-caption-dd\"><\/dd>\n<\/dl>\n<p>Nascut a Mont-roig del Camp l\u2019any 1908, als anys quaranta es va endinsar en el m\u00f3n de la pintura.<\/p>\n<p>No \u00e9s pas molt el que d\u2019ell es pot dir, doncs l\u2019activitat que va desenvolupar fou ef\u00edmera a causa de la seva prematura mort, als quaranta anys. Per\u00f2 els vuit anys durant els quals es va dedicar a pintar, constitueixen un clar exemple de com actuaven els pintors en la immediata postguerra.<\/p>\n<p>Apareix en el panorama expositiu quan ja ha complert trenta-dos anys. I tot i que va rebre lli\u00e7ons de Jacint Salvad\u00f3 Aragon\u00e8s es pot considerar un autodidacte. Els set anys d\u2019activitat galer\u00edstica poden considerar-se com \u00e8poca de formaci\u00f3 del que hauria estat la seva carrera pict\u00f2rica si no hagu\u00e9s mort. En la seva presentaci\u00f3 a les Galeries Laietanes s\u2019escriu a la Vanguardia: \u201c<em>el joven artista presenta cualidades que permiten augurarle una carrera feliz, cualidades que acredita, sobre todo, en los paisajes peque\u0144os que le dan ocasi\u00f3n para huir del excesivo detallismo y dar una aut\u00e9ntica sensaci\u00f3n de espacio propio del campo de Tarragona\u201d. I Juan Francisco Bosch, de la seva \u00faltima personal de 1948, deia: \u201cevidentes los progresos de Fonportal en su comedido quehacer, no vacilamos en ampliar el margen de confianza otorgado no ha mucho al joven acuarelista\u201d.<\/em><\/p>\n<p>L\u2019any 1941 es va presentar a Barcelona amb una quarentena d\u2019olis i firmant <strong>Llu\u00eds Font<\/strong>. Per\u00f2 la coneixen\u00e7a de <em>Cefer\u00ed Oliv\u00e9<\/em>\u00a0 en aquell moment reconegut i triomfador aquarel\u00b7lista va decantar-lo cap a la t\u00e8cnica que en aquells anys aconsegu\u00ed un gran ress\u00f2. Aix\u00ed, el 1946, a la barcelonina Sala Caralt, es presenta amb obres d\u2019aquesta modalitat, signant <strong>Llu\u00eds Fonportal<\/strong>. I s\u2019inscriu a l\u2019Associaci\u00f3 d\u2019Aquarel.listes de Catalunya que llavors tenia gran activitat.<\/p>\n<p><strong>Fonportal<\/strong> es convert\u00ed, amb el seu esfor\u00e7, en un paisatgista, defugint sempre la figura com a protagonista. I tot i que la cr\u00edtica del moment subratlla que s\u2019endinsa en l\u2019esperit del camp tarragon\u00ed, obt\u00e9 millors resultats en les obres d\u2019ambient pluj\u00f3s, on predominen els colors grisos.<\/p>\n<p>No pass\u00e0 de ser una proposta de futur. Amb apassionament va lograr superar l\u2019ambient immediat del seu poble, per\u00f2 el seu autodidactisme no el va permetre, amb vuit anys, imposar-se en els cercles barcelonins, tot i la notable activitat expositora que va desenvolupar. Activitat que pogu\u00e9 dur a terme donada la gran abund\u00e0ncia d\u2019exposicions que provocaren els tristos i durs anys de \u201cl\u2019estraperlo\u201d.<\/p>\n<p>FRANCESC MIRALLES.<\/p>\n<p>In Memoriam Llu\u00eds Font Portal<\/p>\n<p>Mont-roig del Camp, 1995<\/p>\n<p>&nbsp;<\/p>\n","protected":false},"excerpt":{"rendered":"<p>Fotografia de Fonportal Retrat de Fonportal realitzat per Ceferino Oliv\u00e9 Els estris de treball de [&hellip;]<\/p>\n","protected":false},"author":1,"featured_media":0,"parent":77,"menu_order":0,"comment_status":"closed","ping_status":"closed","template":"template-full.php","meta":[],"_links":{"self":[{"href":"https:\/\/www.lluisfongrau.com\/index.php?rest_route=\/wp\/v2\/pages\/34"}],"collection":[{"href":"https:\/\/www.lluisfongrau.com\/index.php?rest_route=\/wp\/v2\/pages"}],"about":[{"href":"https:\/\/www.lluisfongrau.com\/index.php?rest_route=\/wp\/v2\/types\/page"}],"author":[{"embeddable":true,"href":"https:\/\/www.lluisfongrau.com\/index.php?rest_route=\/wp\/v2\/users\/1"}],"replies":[{"embeddable":true,"href":"https:\/\/www.lluisfongrau.com\/index.php?rest_route=%2Fwp%2Fv2%2Fcomments&post=34"}],"version-history":[{"count":74,"href":"https:\/\/www.lluisfongrau.com\/index.php?rest_route=\/wp\/v2\/pages\/34\/revisions"}],"predecessor-version":[{"id":61,"href":"https:\/\/www.lluisfongrau.com\/index.php?rest_route=\/wp\/v2\/pages\/34\/revisions\/61"}],"up":[{"embeddable":true,"href":"https:\/\/www.lluisfongrau.com\/index.php?rest_route=\/wp\/v2\/pages\/77"}],"wp:attachment":[{"href":"https:\/\/www.lluisfongrau.com\/index.php?rest_route=%2Fwp%2Fv2%2Fmedia&parent=34"}],"curies":[{"name":"wp","href":"https:\/\/api.w.org\/{rel}","templated":true}]}}